{"id":198,"date":"2018-04-13T13:41:52","date_gmt":"2018-04-13T13:41:52","guid":{"rendered":"https:\/\/sverigegaddan.wordpress.com\/?page_id=198"},"modified":"2018-04-13T13:41:52","modified_gmt":"2018-04-13T13:41:52","slug":"sponsorer-2","status":"publish","type":"page","link":"https:\/\/www.sverigeborren.com\/index.php\/sponsorer-2\/","title":{"rendered":"Sponsorer"},"content":{"rendered":"<p>H\u00e4r nedan ser ni v\u00e5ra underbara sponsorer som g\u00f6r dessa t\u00e4vlingar m\u00f6jliga samt dem som har varit med och sponsrat SverigeBorren under alla t\u00e4vlingar vi haft. Dessa fantastiska f\u00f6retag och betesbyggare \u00e4r dem som kommer att bidra med prylar och annat som g\u00f6r att vi kan ha priser i dessa t\u00e4vlingar vi kommer att anordna. Dem ska ha ett stort tack f\u00f6r det dem bidrar med och andra saker dem st\u00e4ller upp och hj\u00e4lper till med. S\u00e5 TACK v\u00e5ra h\u00e4rliga sponsorer och samarbetspartners. Bes\u00f6k dem g\u00e4rna och kika vad dem har att erbjuda. Vissa saker g\u00e5r \u00e4ven att k\u00f6pa fr\u00e5n v\u00e5ra sponsorer p\u00e5 hemsidan, dem g\u00f6r s\u00e5 att \u00f6verskottet g\u00e5r till v\u00e5ra fiskevatten &amp; fiskeungdomar. S\u00e5 passa p\u00e5 att kolla in shoppen.<\/p>\n<p><img loading=\"lazy\" decoding=\"async\" class=\"size-full wp-image-963 aligncenter\" src=\"http:\/\/www.sverigeborren.com\/wp-content\/uploads\/2020\/04\/0483c-interfiske-logo.jpg\" alt=\"interfiske logo\" width=\"1149\" height=\"299\" srcset=\"https:\/\/www.sverigeborren.com\/wp-content\/uploads\/2020\/04\/0483c-interfiske-logo.jpg 1149w, https:\/\/www.sverigeborren.com\/wp-content\/uploads\/2020\/04\/0483c-interfiske-logo-300x78.jpg 300w, https:\/\/www.sverigeborren.com\/wp-content\/uploads\/2020\/04\/0483c-interfiske-logo-1024x266.jpg 1024w, https:\/\/www.sverigeborren.com\/wp-content\/uploads\/2020\/04\/0483c-interfiske-logo-768x200.jpg 768w\" sizes=\"auto, (max-width: 1149px) 100vw, 1149px\" \/><\/p>\n<p><img loading=\"lazy\" decoding=\"async\" class=\"size-full wp-image-1011 aligncenter\" src=\"http:\/\/www.sverigeborren.com\/wp-content\/uploads\/2020\/04\/1848a-armada-tackle-logo-black.png\" alt=\"Armada Tackle logo black\" width=\"2625\" height=\"295\" srcset=\"https:\/\/www.sverigeborren.com\/wp-content\/uploads\/2020\/04\/1848a-armada-tackle-logo-black.png 2625w, https:\/\/www.sverigeborren.com\/wp-content\/uploads\/2020\/04\/1848a-armada-tackle-logo-black-300x34.png 300w, https:\/\/www.sverigeborren.com\/wp-content\/uploads\/2020\/04\/1848a-armada-tackle-logo-black-1024x115.png 1024w, https:\/\/www.sverigeborren.com\/wp-content\/uploads\/2020\/04\/1848a-armada-tackle-logo-black-768x86.png 768w, https:\/\/www.sverigeborren.com\/wp-content\/uploads\/2020\/04\/1848a-armada-tackle-logo-black-1536x173.png 1536w, https:\/\/www.sverigeborren.com\/wp-content\/uploads\/2020\/04\/1848a-armada-tackle-logo-black-2048x230.png 2048w\" sizes=\"auto, (max-width: 2625px) 100vw, 2625px\" \/><\/p>\n<p><img loading=\"lazy\" decoding=\"async\" class=\"size-full wp-image-1396 aligncenter\" src=\"http:\/\/www.sverigeborren.com\/wp-content\/uploads\/2020\/06\/logga-borrebutiken-1.png\" alt=\"Logga Borrebutiken\" width=\"5144\" height=\"1802\" srcset=\"https:\/\/www.sverigeborren.com\/wp-content\/uploads\/2020\/06\/logga-borrebutiken-1.png 5144w, https:\/\/www.sverigeborren.com\/wp-content\/uploads\/2020\/06\/logga-borrebutiken-1-300x105.png 300w, https:\/\/www.sverigeborren.com\/wp-content\/uploads\/2020\/06\/logga-borrebutiken-1-1024x359.png 1024w, https:\/\/www.sverigeborren.com\/wp-content\/uploads\/2020\/06\/logga-borrebutiken-1-768x269.png 768w, https:\/\/www.sverigeborren.com\/wp-content\/uploads\/2020\/06\/logga-borrebutiken-1-1536x538.png 1536w, https:\/\/www.sverigeborren.com\/wp-content\/uploads\/2020\/06\/logga-borrebutiken-1-2048x717.png 2048w\" sizes=\"auto, (max-width: 5144px) 100vw, 5144px\" \/><\/p>\n\n\n<figure class=\"wp-block-image size-large\"><img loading=\"lazy\" decoding=\"async\" width=\"901\" height=\"600\" src=\"http:\/\/www.sverigeborren.com\/wp-content\/uploads\/2020\/06\/odd_hook-1.png?w=825\" alt=\"\" class=\"wp-image-1436\" srcset=\"https:\/\/www.sverigeborren.com\/wp-content\/uploads\/2020\/06\/odd_hook-1.png 901w, https:\/\/www.sverigeborren.com\/wp-content\/uploads\/2020\/06\/odd_hook-1-300x200.png 300w, https:\/\/www.sverigeborren.com\/wp-content\/uploads\/2020\/06\/odd_hook-1-768x511.png 768w\" sizes=\"auto, (max-width: 901px) 100vw, 901px\" \/><\/figure>\n","protected":false},"excerpt":{"rendered":"<p>H\u00e4r nedan ser ni v\u00e5ra underbara sponsorer som g\u00f6r dessa t\u00e4vlingar m\u00f6jliga samt dem som har varit med och sponsrat SverigeBorren under alla t\u00e4vlingar vi haft. Dessa fantastiska f\u00f6retag och betesbyggare \u00e4r dem som kommer att bidra med prylar och annat som g\u00f6r att vi kan ha priser i dessa t\u00e4vlingar vi kommer att anordna. [&hellip;]<\/p>\n","protected":false},"author":1,"featured_media":0,"parent":0,"menu_order":0,"comment_status":"closed","ping_status":"closed","template":"","meta":{"footnotes":""},"class_list":["post-198","page","type-page","status-publish","hentry"],"_links":{"self":[{"href":"https:\/\/www.sverigeborren.com\/index.php\/wp-json\/wp\/v2\/pages\/198","targetHints":{"allow":["GET"]}}],"collection":[{"href":"https:\/\/www.sverigeborren.com\/index.php\/wp-json\/wp\/v2\/pages"}],"about":[{"href":"https:\/\/www.sverigeborren.com\/index.php\/wp-json\/wp\/v2\/types\/page"}],"author":[{"embeddable":true,"href":"https:\/\/www.sverigeborren.com\/index.php\/wp-json\/wp\/v2\/users\/1"}],"replies":[{"embeddable":true,"href":"https:\/\/www.sverigeborren.com\/index.php\/wp-json\/wp\/v2\/comments?post=198"}],"version-history":[{"count":0,"href":"https:\/\/www.sverigeborren.com\/index.php\/wp-json\/wp\/v2\/pages\/198\/revisions"}],"wp:attachment":[{"href":"https:\/\/www.sverigeborren.com\/index.php\/wp-json\/wp\/v2\/media?parent=198"}],"curies":[{"name":"wp","href":"https:\/\/api.w.org\/{rel}","templated":true}]}}