{"id":103,"date":"2018-04-04T14:12:49","date_gmt":"2018-04-04T14:12:49","guid":{"rendered":"https:\/\/sverigegaddan.wordpress.com\/?page_id=103"},"modified":"2018-04-04T14:12:49","modified_gmt":"2018-04-04T14:12:49","slug":"anmalan-gaddan","status":"publish","type":"page","link":"https:\/\/www.sverigeborren.com\/index.php\/anmalan-gaddan\/","title":{"rendered":"Anm\u00e4lan Abborren"},"content":{"rendered":"<p>H\u00e4r g\u00f6r ni anm\u00e4lan f\u00f6r SverigeBorren som \u00e4r L\u00f6rdagen den 13\/8-2022, fyll i informationen nedan med f\u00f6r och efternamn samt resterande f\u00e4lt, t\u00e4nk p\u00e5 att n\u00e4r ni swishar \u00e4r det viktigt att ni skriver ert lagnamn samt m\u00e4rkning 101066, kostnaden f\u00f6r anm\u00e4lan \u00e4r 200:-\/Team f\u00f6r abborret\u00e4vlingen. N\u00e4r laget har swishat och anm\u00e4lan \u00e4r gjord kommer dem att l\u00e4ggas upp p\u00e5 hemsidan s\u00e5 ni vet att ni kommit med i t\u00e4vlingen, detta kan dock ta 1-3 arbetsdagar.<\/p>\n<ul>\n<li>Anm\u00e4lan ST\u00c4NGD&nbsp; f\u00f6r sommarens t\u00e4vling, 13\/8-2022.<\/li>\n<li>Endast namn p\u00e5 personen som anm\u00e4ler teamet.<\/li>\n<li><strong>\u2013 VIKTIGT \u2013 GL\u00d6M INTE SKRIVA\/M\u00c4RKA betalningen\/swishen med lagets namn samt 101066 (exempel 101066-Team namn).<\/strong><\/li>\n<\/ul>\n<p>Telefonnummer att swisha till:&nbsp;<\/p>\n<p>Alla deltagaravgifter kommer oavkortat att g\u00e5 till v\u00e5ra fiskevatten &amp; fiskeungdomar h\u00e4r i Sverige via Sportfiskarna.<\/p>\n\n\n<div class=\"wp-block-group is-layout-flow wp-block-group-is-layout-flow\"><\/div>\n\n\n\n<div class=\"wp-block-group is-layout-flow wp-block-group-is-layout-flow\"><\/div>\n","protected":false},"excerpt":{"rendered":"<p>H\u00e4r g\u00f6r ni anm\u00e4lan f\u00f6r SverigeBorren som \u00e4r L\u00f6rdagen den 13\/8-2022, fyll i informationen nedan med f\u00f6r och efternamn samt resterande f\u00e4lt, t\u00e4nk p\u00e5 att n\u00e4r ni swishar \u00e4r det viktigt att ni skriver ert lagnamn samt m\u00e4rkning 101066, kostnaden f\u00f6r anm\u00e4lan \u00e4r 200:-\/Team f\u00f6r abborret\u00e4vlingen. N\u00e4r laget har swishat och anm\u00e4lan \u00e4r gjord kommer [&hellip;]<\/p>\n","protected":false},"author":1,"featured_media":0,"parent":0,"menu_order":0,"comment_status":"closed","ping_status":"closed","template":"","meta":{"footnotes":""},"class_list":["post-103","page","type-page","status-publish","hentry"],"_links":{"self":[{"href":"https:\/\/www.sverigeborren.com\/index.php\/wp-json\/wp\/v2\/pages\/103","targetHints":{"allow":["GET"]}}],"collection":[{"href":"https:\/\/www.sverigeborren.com\/index.php\/wp-json\/wp\/v2\/pages"}],"about":[{"href":"https:\/\/www.sverigeborren.com\/index.php\/wp-json\/wp\/v2\/types\/page"}],"author":[{"embeddable":true,"href":"https:\/\/www.sverigeborren.com\/index.php\/wp-json\/wp\/v2\/users\/1"}],"replies":[{"embeddable":true,"href":"https:\/\/www.sverigeborren.com\/index.php\/wp-json\/wp\/v2\/comments?post=103"}],"version-history":[{"count":0,"href":"https:\/\/www.sverigeborren.com\/index.php\/wp-json\/wp\/v2\/pages\/103\/revisions"}],"wp:attachment":[{"href":"https:\/\/www.sverigeborren.com\/index.php\/wp-json\/wp\/v2\/media?parent=103"}],"curies":[{"name":"wp","href":"https:\/\/api.w.org\/{rel}","templated":true}]}}