{"id":10,"date":"2018-04-03T15:53:41","date_gmt":"2018-04-03T15:53:41","guid":{"rendered":"https:\/\/sverigegaddan.wordpress.com\/?page_id=5"},"modified":"2018-04-03T15:53:41","modified_gmt":"2018-04-03T15:53:41","slug":"home","status":"publish","type":"page","link":"https:\/\/www.sverigeborren.com\/index.php\/home\/","title":{"rendered":"Startsida"},"content":{"rendered":"\n<p>Nu \u00e4r det \u00e4ntligen dags! \u00c4r du, dina v\u00e4nner eller ditt fisketeam intresserade av att delta i roliga och h\u00e4rliga fisket\u00e4vlingar som \u00e4ven st\u00f6ttar v\u00e5rt fiskevatten &amp; fiskeungdomar i Sverige s\u00e5 har ni kommit r\u00e4tt!<\/p>\n\n\n\n<p>Ert deltagande i t\u00e4vlingarna kommer att st\u00f6tta fiskevattnen &amp; fiskeungdomarna i Sverige och samtidigt har ni en chans att vinna beten och annat fr\u00e5n v\u00e5ra olika sponsorer.<\/p>\n\n\n\n<p>Detta \u00e4r anordnade fisket\u00e4vlingar f\u00f6r v\u00e5ra svenska fiskevatten &amp; fiskeungdomar, alla pengar som tas f\u00f6r anm\u00e4lningsavgiften kommer oavkortat g\u00e5 till v\u00e5ra vatten &amp; ungdomar i Sverige. Det \u00e4r just d\u00e4rf\u00f6r vi i Team SverigeG\u00e4ddan kommer att arrangera detta. Vem gillar inte fisket\u00e4vlingar och samtidigt bidra till v\u00e5ra h\u00e4rliga fiskeungdomar &amp; fiskevatten?<\/p>\n\n\n\n<p>Mer om hur t\u00e4vlingarna g\u00e5r till samt allm\u00e4n information hittar ni under fliken &#8220;Regler&#8221; samt &#8220;Information&#8221;. Men \u00e4r det n\u00e5got som \u00e4r oklart och n\u00e5gon har fr\u00e5gor om s\u00e5 \u00e4r det bara att h\u00f6ra av er p\u00e5 Facebook (<a href=\"https:\/\/www.facebook.com\/SverigeBorren-102500384814744\/\">@SverigeBorren<\/a>) eller Instagram (<a href=\"https:\/\/www.instagram.com\/sverigeborren\/\">@SverigeBorren<\/a>)<\/p>\n","protected":false},"excerpt":{"rendered":"<p>Nu \u00e4r det \u00e4ntligen dags! \u00c4r du, dina v\u00e4nner eller ditt fisketeam intresserade av att delta i roliga och h\u00e4rliga fisket\u00e4vlingar som \u00e4ven st\u00f6ttar v\u00e5rt fiskevatten &amp; fiskeungdomar i Sverige s\u00e5 har ni kommit r\u00e4tt! Ert deltagande i t\u00e4vlingarna kommer att st\u00f6tta fiskevattnen &amp; fiskeungdomarna i Sverige och samtidigt har ni en chans att vinna [&hellip;]<\/p>\n","protected":false},"author":1,"featured_media":0,"parent":0,"menu_order":1,"comment_status":"closed","ping_status":"closed","template":"","meta":{"footnotes":""},"class_list":["post-10","page","type-page","status-publish","hentry"],"_links":{"self":[{"href":"https:\/\/www.sverigeborren.com\/index.php\/wp-json\/wp\/v2\/pages\/10","targetHints":{"allow":["GET"]}}],"collection":[{"href":"https:\/\/www.sverigeborren.com\/index.php\/wp-json\/wp\/v2\/pages"}],"about":[{"href":"https:\/\/www.sverigeborren.com\/index.php\/wp-json\/wp\/v2\/types\/page"}],"author":[{"embeddable":true,"href":"https:\/\/www.sverigeborren.com\/index.php\/wp-json\/wp\/v2\/users\/1"}],"replies":[{"embeddable":true,"href":"https:\/\/www.sverigeborren.com\/index.php\/wp-json\/wp\/v2\/comments?post=10"}],"version-history":[{"count":0,"href":"https:\/\/www.sverigeborren.com\/index.php\/wp-json\/wp\/v2\/pages\/10\/revisions"}],"wp:attachment":[{"href":"https:\/\/www.sverigeborren.com\/index.php\/wp-json\/wp\/v2\/media?parent=10"}],"curies":[{"name":"wp","href":"https:\/\/api.w.org\/{rel}","templated":true}]}}